{"id":10342,"date":"2025-09-04T10:27:22","date_gmt":"2025-09-04T10:27:22","guid":{"rendered":"https:\/\/simsenegal.com\/press-release\/"},"modified":"2025-12-15T14:03:25","modified_gmt":"2025-12-15T14:03:25","slug":"press-release","status":"publish","type":"page","link":"https:\/\/simsenegal.com\/fr\/press-release\/","title":{"rendered":"Communiqu\u00e9 de presse"},"content":{"rendered":"\t\t<div data-elementor-type=\"wp-page\" data-elementor-id=\"10342\" class=\"elementor elementor-10342 elementor-10337\" data-elementor-post-type=\"page\">\n\t\t\t\t<div class=\"elementor-element elementor-element-96e0fd9 e-flex e-con-boxed e-con e-parent\" data-id=\"96e0fd9\" data-element_type=\"container\">\n\t\t\t\t\t<div class=\"e-con-inner\">\n\t\t\t\t<div class=\"elementor-element elementor-element-8b8acdb elementor-widget elementor-widget-text-editor\" data-id=\"8b8acdb\" data-element_type=\"widget\" data-widget_type=\"text-editor.default\">\n\t\t\t\t<div class=\"elementor-widget-container\">\n\t\t\t\t\t\t\t\t\t<h5><b> le plus grand \u00e9v\u00e9nement minier d&rsquo;Afrique de l&rsquo;Ouest : une participation record avec des r\u00e9sultats tangibles<\/b><\/h5><p><b>SIM S\u00e9n\u00e9gal 2025, la 8e \u00e9dition du Salon international des mines du S\u00e9n\u00e9gal, <\/b><span style=\"font-weight: 400;\">s&rsquo;est tenue du <\/span><b>4 au 6 novembre 2025 \u00e0 Dakar, au S\u00e9n\u00e9gal. Le plus grand \u00e9v\u00e9nement professionnel d\u00e9di\u00e9 \u00e0 l&rsquo;industrie mini\u00e8re en Afrique de l&rsquo;Ouest a accueilli plus de quatre mille participants et cent soixante-dix exposants venus de plus de trente pays.<\/b><\/p><p><span style=\"font-weight: 400;\">SIM S\u00e9n\u00e9gal a r\u00e9uni plus de soixante-quinze intervenants qui ont d\u00e9battu de questions li\u00e9es \u00e0 la souverainet\u00e9 \u00e9conomique et au partage d&rsquo;exp\u00e9riences diverses en mati\u00e8re de <\/span><b>d\u00e9veloppement et de gouvernance des ressources min\u00e9rales, ainsi que de capital humain.<\/b><\/p><p><span style=\"font-weight: 400;\">La c\u00e9r\u00e9monie d&rsquo;ouverture a r\u00e9uni <\/span><b>M. Birame Souleye Diop, ministre de l&rsquo;\u00c9nergie, du P\u00e9trole et des Mines du S\u00e9n\u00e9gal ; M. Malam Sambu, ministre des Ressources naturelles de la R\u00e9publique de Guin\u00e9e-Bissau ; M. Nani Juwara, ministre du P\u00e9trole, de l&rsquo;\u00c9nergie et des Mines de la R\u00e9publique de Gambie ; et M. Adama Soro, pr\u00e9sident de la F\u00e9d\u00e9ration des chambres des mines d&rsquo;Afrique de l&rsquo;Ouest. <\/b><span style=\"font-weight: 400;\">Elle a \u00e9t\u00e9 honor\u00e9e par la pr\u00e9sence <\/span><b>de Son Excellence M. Bassirou Diomaye Diakhar Faye, pr\u00e9sident de la R\u00e9publique du S\u00e9n\u00e9gal.<\/b><\/p><p><b>Les sessions suivantes se sont ensuite d\u00e9roul\u00e9es successivement :<\/b><\/p><ul><li><b> \u00a0 Un panel de haut niveau sur les ressources min\u00e9rales comme levier de souverainet\u00e9 \u00e9conomique, <\/b><span style=\"font-weight: 400;\">dirig\u00e9 par les ministres de trois (3) pays diff\u00e9rents, afin d&rsquo;harmoniser leurs positions sur cette question ;<\/span><\/li><li><b> \u00a0 D\u00e9veloppement des cha\u00eenes de valeur des ressources min\u00e9rales : d\u00e9fis, contraintes et opportunit\u00e9s pour l&rsquo;industrialisation de l&rsquo;Afrique, <\/b><span style=\"font-weight: 400;\">dans le but de faire du contenu local un levier strat\u00e9gique pour la transformation structurelle de l&rsquo;\u00e9conomie.<\/span><\/li><li><b> \u00a0 Transformation locale des ressources min\u00e9rales afin de r\u00e9duire la <\/b><span style=\"font-weight: 400;\">d\u00e9pendance vis-\u00e0-vis des importations de produits finis et d&rsquo;encourager les coentreprises et les transferts de technologie avec des partenaires internationaux\u00a0<\/span><\/li><li><b> \u00a0 Quelles politiques et strat\u00e9gies mettre en \u0153uvre pour renforcer les liens en amont et en aval <\/b><span style=\"font-weight: 400;\">entre le secteur minier et les autres secteurs productifs de l&rsquo;\u00e9conomie, en vue de cr\u00e9er des synergies durables entre l&rsquo;industrie mini\u00e8re et les autres secteurs \u00e9conomiques africains (agriculture, \u00e9nergie, industrie manufacturi\u00e8re, infrastructures).<\/span><\/li><li><b> \u00a0 Min\u00e9raux de d\u00e9veloppement : enjeux, d\u00e9fis et opportunit\u00e9s pour la mise en place de cha\u00eenes de valeur int\u00e9gr\u00e9es et r\u00e9silientes <\/b><span style=\"font-weight: 400;\">afin de stimuler une croissance inclusive et de renforcer la r\u00e9silience \u00e9conomique gr\u00e2ce \u00e0 l&rsquo;exploitation du potentiel des min\u00e9raux de d\u00e9veloppement.<\/span><\/li><li><b> Initiatives des services g\u00e9ologiques africains <\/b><span style=\"font-weight: 400;\">en faveur de la souverainet\u00e9 \u00e9conomique sur les ressources min\u00e9rales ;<\/span><\/li><li><b> R\u00f4le des entreprises nationales et du secteur priv\u00e9 national <\/b><span style=\"font-weight: 400;\">dans le d\u00e9veloppement des ressources min\u00e9rales ;<\/span><\/li><li><b> Vers une exploitation mini\u00e8re responsable, <\/b><span style=\"font-weight: 400;\">exigeant une bonne gouvernance, des approches de restauration et de r\u00e9habilitation des sites miniers, et une approche inclusive et collaborative<\/span><\/li><li><b> \u00a0 Vers une exploitation mini\u00e8re artisanale et \u00e0 petite \u00e9chelle responsable, <\/b><span style=\"font-weight: 400;\">en vue de transformer l&rsquo;exploitation mini\u00e8re artisanale et \u00e0 petite \u00e9chelle (ASM) en un levier pour le d\u00e9veloppement durable en Afrique<\/span><\/li><li><b> \u00a0 Capital humain, recherche et innovation, <\/b><span style=\"font-weight: 400;\">\u00e0 travers la pr\u00e9sentation des start-ups issues du hackathon Min&rsquo;Ovation 2025.<\/span><\/li><\/ul><p><b>En marge de l&rsquo;exposition, six (6) \u00e9v\u00e9nements majeurs ont eu lieu :<\/b><\/p><ul><li><b> CMDS CONNECT, organis\u00e9 par la Chambre des mines du S\u00e9n\u00e9gal, <\/b><span style=\"font-weight: 400;\">sur le th\u00e8me \u00ab Impacts socio-\u00e9conomiques et environnementaux des activit\u00e9s mini\u00e8res, p\u00e9troli\u00e8res et gazi\u00e8res sur les communaut\u00e9s d&rsquo;accueil \u00bb ;<\/span><\/li><li><b> ERAMET Grande C\u00f4te, sur le th\u00e8me \u00ab Exploitation mini\u00e8re responsable \u00bb : <\/b><span style=\"font-weight: 400;\">les discussions ont port\u00e9 sur les meilleures pratiques en mati\u00e8re de dialogue communautaire, de r\u00e9habilitation et de restitution des terres (100 hectares ont \u00e9t\u00e9 restitu\u00e9s \u00e0 l&rsquo;\u00c9tat), de gestion des ressources en eau et de r\u00e9duction de l&#8217;empreinte carbone.<\/span><\/li><li><b> La 4e \u00e9dition du Hackathon Min&rsquo;Ovation 2025, <\/b><span style=\"font-weight: 400;\">sur le th\u00e8me<\/span><b> \u00ab Technologie num\u00e9rique et intelligence artificielle : solutions innovantes pour la gestion durable des ressources min\u00e9rales et \u00e9nerg\u00e9tiques \u00bb. <\/b><span style=\"font-weight: 400;\">Lanc\u00e9 en 2018 en marge du salon professionnel, le Hackathon continue de se distinguer par la pertinence de ses projets et l&rsquo;int\u00e9r\u00eat des participants pour les technologies num\u00e9riques.<\/span><\/li><li><b> \u00a0 La deuxi\u00e8me \u00e9dition du Congr\u00e8s international sur la g\u00e9odiversit\u00e9, le g\u00e9o-patrimoine, le g\u00e9otourisme, la g\u00e9o-\u00e9ducation, les g\u00e9oparcs et les objectifs de d\u00e9veloppement durable (5G &amp; SDGs), <\/b><span style=\"font-weight: 400;\">organis\u00e9 en collaboration avec l&rsquo;Association africaine des femmes en g\u00e9osciences (AAWG), s&rsquo;est tenue sous le th\u00e8me \u00ab Le g\u00e9o-patrimoine au service de la paix et du d\u00e9veloppement durable : Connecter les cultures, autonomiser les communaut\u00e9s et pr\u00e9server le patrimoine de notre plan\u00e8te \u00bb.\u00a0<\/span><\/li><li><b><\/b> <b>The holding of the recruitment forum, <\/b><span style=\"font-weight: 400;\">sponsored by SOMISEN SA and organised in collaboration with the Amicale des Ing\u00e9nieurs G\u00e9ologues Dipl\u00f4m\u00e9s de l\u2019ENSMG (ex-IST) (ADEMIG), marked by the offer of 188 positions of various qualifications offered by 16 companies (managers and engineers, technicians and supervisors, trainees, as well as administrative and support profiles).<\/span><\/li><li><b><\/b> <b>A workshop hosted by the Canadian Embassy <\/b><span style=\"font-weight: 400;\">highlighted Canadian expertise in corporate social responsibility (CSR), as well as in technical and vocational training within the extractive sector.<\/span><\/li><\/ul><p><b>Les opportunit\u00e9s discut\u00e9es lors du SIM S\u00e9n\u00e9gal <\/b><span style=\"font-weight: 400;\">pour d\u00e9velopper le secteur minier du pays et de la r\u00e9gion comprennent :<\/span><\/p><ul><li><span style=\"font-weight: 400;\"> Le d\u00e9veloppement du concept de souverainet\u00e9 \u00e9conomique, avec l&rsquo;\u00e9mergence d&rsquo;entreprises publiques directement impliqu\u00e9es dans les op\u00e9rations mini\u00e8res, une valeur ajout\u00e9e accrue pour l&rsquo;\u00e9conomie locale et le contr\u00f4le par des fonds souverains locaux ;<\/span><\/li><li><span style=\"font-weight: 400;\"> Les efforts visant \u00e0 harmoniser les r\u00e9glementations mini\u00e8res<\/span><\/li><li><span style=\"font-weight: 400;\"> L&rsquo;engagement fort des \u00c9tats en faveur de la transformation locale des mati\u00e8res premi\u00e8res, comme le souligne la Vision mini\u00e8re africaine<\/span><\/li><li><span style=\"font-weight: 400;\"> \u00a0 La possibilit\u00e9 de d\u00e9velopper des th\u00e8mes de recherche \u00e0 l&rsquo;universit\u00e9 de Thi\u00e8s sur les \u00e9co-mat\u00e9riaux<\/span><\/li><li><span style=\"font-weight: 400;\"> \u00a0 Les projets de g\u00e9ophysique et de cartographie du SGNS (Service g\u00e9ologique national du S\u00e9n\u00e9gal), qui devraient apporter une solution pour exploiter le potentiel de ces mat\u00e9riaux<\/span><\/li><li><span style=\"font-weight: 400;\"> \u00a0 La disponibilit\u00e9, dans la sous-r\u00e9gion africaine, de services g\u00e9ologiques solides, qui peuvent soutenir d&rsquo;autres services par l&rsquo;interm\u00e9diaire de l&rsquo;Organisation africaine des services g\u00e9ologiques (AGSO)<\/span><\/li><\/ul>\t\t\t\t\t\t\t\t<\/div>\n\t\t\t\t<\/div>\n\t\t\t\t\t<\/div>\n\t\t\t\t<\/div>\n\t\t\t\t<\/div>\n\t\t","protected":false},"excerpt":{"rendered":"<p>le plus grand \u00e9v\u00e9nement minier d&rsquo;Afrique de l&rsquo;Ouest : une participation record avec des r\u00e9sultats tangibles SIM S\u00e9n\u00e9gal 2025, la 8e \u00e9dition du Salon international des mines du S\u00e9n\u00e9gal, s&rsquo;est tenue du 4 au 6 novembre 2025 \u00e0 Dakar, au S\u00e9n\u00e9gal. Le plus grand \u00e9v\u00e9nement professionnel d\u00e9di\u00e9 \u00e0 l&rsquo;industrie mini\u00e8re en Afrique de l&rsquo;Ouest a [&hellip;]<\/p>\n","protected":false},"author":8,"featured_media":0,"parent":0,"menu_order":0,"comment_status":"closed","ping_status":"closed","template":"elementor_theme","meta":{"footnotes":""},"class_list":["post-10342","page","type-page","status-publish","hentry"],"_links":{"self":[{"href":"https:\/\/simsenegal.com\/fr\/wp-json\/wp\/v2\/pages\/10342","targetHints":{"allow":["GET"]}}],"collection":[{"href":"https:\/\/simsenegal.com\/fr\/wp-json\/wp\/v2\/pages"}],"about":[{"href":"https:\/\/simsenegal.com\/fr\/wp-json\/wp\/v2\/types\/page"}],"author":[{"embeddable":true,"href":"https:\/\/simsenegal.com\/fr\/wp-json\/wp\/v2\/users\/8"}],"replies":[{"embeddable":true,"href":"https:\/\/simsenegal.com\/fr\/wp-json\/wp\/v2\/comments?post=10342"}],"version-history":[{"count":23,"href":"https:\/\/simsenegal.com\/fr\/wp-json\/wp\/v2\/pages\/10342\/revisions"}],"predecessor-version":[{"id":11685,"href":"https:\/\/simsenegal.com\/fr\/wp-json\/wp\/v2\/pages\/10342\/revisions\/11685"}],"wp:attachment":[{"href":"https:\/\/simsenegal.com\/fr\/wp-json\/wp\/v2\/media?parent=10342"}],"curies":[{"name":"wp","href":"https:\/\/api.w.org\/{rel}","templated":true}]}}