{"id":9644,"date":"2025-05-07T17:01:58","date_gmt":"2025-05-07T17:01:58","guid":{"rendered":"https:\/\/simsenegal.com\/simpliquer\/"},"modified":"2025-07-23T09:36:57","modified_gmt":"2025-07-23T09:36:57","slug":"simpliquer","status":"publish","type":"page","link":"https:\/\/simsenegal.com\/fr\/simpliquer\/","title":{"rendered":"S&rsquo;impliquer"},"content":{"rendered":"\t\t<div data-elementor-type=\"wp-page\" data-elementor-id=\"9644\" class=\"elementor elementor-9644 elementor-387\" data-elementor-post-type=\"page\">\n\t\t\t\t<div class=\"elementor-element elementor-element-a8e8bfc e-flex e-con-boxed e-con e-parent\" data-id=\"a8e8bfc\" data-element_type=\"container\" data-settings=\"{&quot;background_background&quot;:&quot;classic&quot;}\">\n\t\t\t\t\t<div class=\"e-con-inner\">\n\t\t<div class=\"elementor-element elementor-element-8ed2c5b e-con-full e-flex elementor-invisible e-con e-child\" data-id=\"8ed2c5b\" data-element_type=\"container\" data-settings=\"{&quot;animation&quot;:&quot;fadeInLeft&quot;,&quot;background_background&quot;:&quot;classic&quot;}\">\n\t\t\t\t<div class=\"elementor-element elementor-element-ad68135 elementor-widget elementor-widget-heading\" data-id=\"ad68135\" data-element_type=\"widget\" data-widget_type=\"heading.default\">\n\t\t\t\t<div class=\"elementor-widget-container\">\n\t\t\t\t\t<h2 class=\"elementor-heading-title elementor-size-default\">Participez au SIM S\u00e9n\u00e9gal 2025 !<\/h2>\t\t\t\t<\/div>\n\t\t\t\t<\/div>\n\t\t\t\t<div class=\"elementor-element elementor-element-aa033b9 elementor-widget__width-initial elementor-widget elementor-widget-text-editor\" data-id=\"aa033b9\" data-element_type=\"widget\" data-widget_type=\"text-editor.default\">\n\t\t\t\t<div class=\"elementor-widget-container\">\n\t\t\t\t\t\t\t\t\t<p data-prosemirror-content-type=\"node\" data-prosemirror-node-name=\"paragraph\" data-prosemirror-node-block=\"true\" data-pm-slice=\"1 1 []\"><strong>Le SIM S\u00e9n\u00e9gal<\/strong> 2025 constituera une plateforme strat\u00e9gique pour connecter votre entreprise avec les d\u00e9cideurs cl\u00e9s et les parties prenantes qui fa\u00e7onnent l\u2019avenir du secteur minier au S\u00e9n\u00e9gal et en Afrique de l\u2019Ouest.<\/p><p data-prosemirror-content-type=\"node\" data-prosemirror-node-name=\"paragraph\" data-prosemirror-node-block=\"true\">Rejoignez-nous pour mettre en avant la mani\u00e8re dont votre organisation r\u00e9pond aux d\u00e9fis actuels et stimule l\u2019innovation en faveur d\u2019un secteur minier plus durable et r\u00e9silient.<\/p>\t\t\t\t\t\t\t\t<\/div>\n\t\t\t\t<\/div>\n\t\t\t\t<\/div>\n\t\t\t\t\t<\/div>\n\t\t\t\t<\/div>\n\t\t<div class=\"elementor-element elementor-element-96e1391 e-flex e-con-boxed e-con e-parent\" data-id=\"96e1391\" data-element_type=\"container\" data-settings=\"{&quot;background_background&quot;:&quot;classic&quot;}\">\n\t\t\t\t\t<div class=\"e-con-inner\">\n\t\t<div class=\"elementor-element elementor-element-0605052 e-con-full e-flex elementor-invisible e-con e-child\" data-id=\"0605052\" data-element_type=\"container\" data-settings=\"{&quot;animation&quot;:&quot;fadeInLeft&quot;,&quot;background_background&quot;:&quot;classic&quot;}\">\n\t\t\t\t<div class=\"elementor-element elementor-element-0018f12 elementor-widget elementor-widget-heading\" data-id=\"0018f12\" data-element_type=\"widget\" data-widget_type=\"heading.default\">\n\t\t\t\t<div class=\"elementor-widget-container\">\n\t\t\t\t\t<h2 class=\"elementor-heading-title elementor-size-default\">Parrainez le SIM S\u00e9n\u00e9gal<\/h2>\t\t\t\t<\/div>\n\t\t\t\t<\/div>\n\t\t\t\t<div class=\"elementor-element elementor-element-16bad82 elementor-widget elementor-widget-text-editor\" data-id=\"16bad82\" data-element_type=\"widget\" data-widget_type=\"text-editor.default\">\n\t\t\t\t<div class=\"elementor-widget-container\">\n\t\t\t\t\t\t\t\t\t<section><p data-prosemirror-content-type=\"node\" data-prosemirror-node-name=\"paragraph\" data-prosemirror-node-block=\"true\" data-pm-slice=\"1 1 []\"><strong>Il ne fait aucun doute qu\u2019en parrainant le SIM S\u00c9N\u00c9GAL, vous garantirez que votre entreprise aura un impact r\u00e9el, durable et m\u00e9morable dans l\u2019industrie mini\u00e8re ouest-africaine.<\/strong><\/p><p data-prosemirror-content-type=\"node\" data-prosemirror-node-name=\"paragraph\" data-prosemirror-node-block=\"true\">Pour positionner votre entreprise comme un acteur majeur du secteur, maximiser votre visibilit\u00e9 lors de l\u2019\u00e9v\u00e9nement en pr\u00e9sentiel, atteindre votre public cible et prendre la parole pendant la conf\u00e9rence, une vari\u00e9t\u00e9 de nouvelles formules de parrainage ont \u00e9t\u00e9 cr\u00e9\u00e9es.<\/p><p data-prosemirror-content-type=\"node\" data-prosemirror-node-name=\"paragraph\" data-prosemirror-node-block=\"true\">Ces formules sur mesure incluent des goodies physiques, la promotion de votre marque en ligne et lors de l\u2019\u00e9v\u00e9nement, des cr\u00e9neaux d\u2019intervention, des r\u00e9unions priv\u00e9es avec des participants s\u00e9lectionn\u00e9s, l\u2019acc\u00e8s \u00e0 la liste des participants en ligne, et bien plus encore. Contactez-nous pour obtenir plus d\u2019informations.<\/p><\/section>\t\t\t\t\t\t\t\t<\/div>\n\t\t\t\t<\/div>\n\t\t\t\t<div class=\"elementor-element elementor-element-1c07861 elementor-align-left elementor-widget elementor-widget-button\" data-id=\"1c07861\" data-element_type=\"widget\" data-widget_type=\"button.default\">\n\t\t\t\t<div class=\"elementor-widget-container\">\n\t\t\t\t\t\t\t\t\t<div class=\"elementor-button-wrapper\">\n\t\t\t\t\t<a class=\"elementor-button elementor-button-link elementor-size-md\" href=\"https:\/\/simsenegal.com\/fr\/contactez-nous\/\">\n\t\t\t\t\t\t<span class=\"elementor-button-content-wrapper\">\n\t\t\t\t\t\t\t\t\t<span class=\"elementor-button-text\">Contactez-nous<\/span>\n\t\t\t\t\t<\/span>\n\t\t\t\t\t<\/a>\n\t\t\t\t<\/div>\n\t\t\t\t\t\t\t\t<\/div>\n\t\t\t\t<\/div>\n\t\t\t\t<\/div>\n\t\t<div class=\"elementor-element elementor-element-da617ba e-con-full e-flex e-con e-child\" data-id=\"da617ba\" data-element_type=\"container\" data-settings=\"{&quot;background_background&quot;:&quot;classic&quot;}\">\n\t\t\t\t<div class=\"elementor-element elementor-element-46c7990 elementor-invisible elementor-widget elementor-widget-image\" data-id=\"46c7990\" data-element_type=\"widget\" data-settings=\"{&quot;_animation&quot;:&quot;fadeInUp&quot;}\" data-widget_type=\"image.default\">\n\t\t\t\t<div class=\"elementor-widget-container\">\n\t\t\t\t\t\t\t\t\t\t\t\t\t\t\t<img fetchpriority=\"high\" decoding=\"async\" width=\"2560\" height=\"1707\" src=\"https:\/\/simsenegal.com\/wp-content\/uploads\/2024\/09\/DSC03024-scaled-1.jpg\" class=\"attachment-full size-full wp-image-8710\" alt=\"\" srcset=\"https:\/\/simsenegal.com\/wp-content\/uploads\/2024\/09\/DSC03024-scaled-1.jpg 2560w, https:\/\/simsenegal.com\/wp-content\/uploads\/2024\/09\/DSC03024-scaled-1-300x200.jpg 300w, https:\/\/simsenegal.com\/wp-content\/uploads\/2024\/09\/DSC03024-scaled-1-1024x683.jpg 1024w, https:\/\/simsenegal.com\/wp-content\/uploads\/2024\/09\/DSC03024-scaled-1-768x512.jpg 768w, https:\/\/simsenegal.com\/wp-content\/uploads\/2024\/09\/DSC03024-scaled-1-1536x1024.jpg 1536w, https:\/\/simsenegal.com\/wp-content\/uploads\/2024\/09\/DSC03024-scaled-1-2048x1366.jpg 2048w\" sizes=\"(max-width: 2560px) 100vw, 2560px\" \/>\t\t\t\t\t\t\t\t\t\t\t\t\t\t\t<\/div>\n\t\t\t\t<\/div>\n\t\t\t\t<\/div>\n\t\t\t\t\t<\/div>\n\t\t\t\t<\/div>\n\t\t<div class=\"elementor-element elementor-element-2c838b6 e-flex e-con-boxed e-con e-parent\" data-id=\"2c838b6\" data-element_type=\"container\" data-settings=\"{&quot;background_background&quot;:&quot;classic&quot;}\">\n\t\t\t\t\t<div class=\"e-con-inner\">\n\t\t<div class=\"elementor-element elementor-element-7217aab e-con-full e-flex e-con e-child\" data-id=\"7217aab\" data-element_type=\"container\" data-settings=\"{&quot;background_background&quot;:&quot;classic&quot;}\">\n\t\t\t\t<div class=\"elementor-element elementor-element-30ed48d elementor-invisible elementor-widget elementor-widget-image\" data-id=\"30ed48d\" data-element_type=\"widget\" data-settings=\"{&quot;_animation&quot;:&quot;fadeInUp&quot;}\" data-widget_type=\"image.default\">\n\t\t\t\t<div class=\"elementor-widget-container\">\n\t\t\t\t\t\t\t\t\t\t\t\t\t\t\t<img decoding=\"async\" width=\"1920\" height=\"1280\" src=\"https:\/\/simsenegal.com\/wp-content\/uploads\/2025\/04\/DSC02170-1-scaled-1.jpg\" class=\"attachment-full size-full wp-image-9201\" alt=\"\" srcset=\"https:\/\/simsenegal.com\/wp-content\/uploads\/2025\/04\/DSC02170-1-scaled-1.jpg 1920w, https:\/\/simsenegal.com\/wp-content\/uploads\/2025\/04\/DSC02170-1-scaled-1-300x200.jpg 300w, https:\/\/simsenegal.com\/wp-content\/uploads\/2025\/04\/DSC02170-1-scaled-1-1024x683.jpg 1024w, https:\/\/simsenegal.com\/wp-content\/uploads\/2025\/04\/DSC02170-1-scaled-1-768x512.jpg 768w, https:\/\/simsenegal.com\/wp-content\/uploads\/2025\/04\/DSC02170-1-scaled-1-1536x1024.jpg 1536w\" sizes=\"(max-width: 1920px) 100vw, 1920px\" \/>\t\t\t\t\t\t\t\t\t\t\t\t\t\t\t<\/div>\n\t\t\t\t<\/div>\n\t\t\t\t<\/div>\n\t\t<div class=\"elementor-element elementor-element-a2c4d1c e-con-full e-flex elementor-invisible e-con e-child\" data-id=\"a2c4d1c\" data-element_type=\"container\" data-settings=\"{&quot;animation&quot;:&quot;fadeInLeft&quot;,&quot;background_background&quot;:&quot;classic&quot;}\">\n\t\t\t\t<div class=\"elementor-element elementor-element-c03396a elementor-widget elementor-widget-heading\" data-id=\"c03396a\" data-element_type=\"widget\" data-widget_type=\"heading.default\">\n\t\t\t\t<div class=\"elementor-widget-container\">\n\t\t\t\t\t<h2 class=\"elementor-heading-title elementor-size-default\">Exposez au SIM S\u00e9n\u00e9gal<\/h2>\t\t\t\t<\/div>\n\t\t\t\t<\/div>\n\t\t\t\t<div class=\"elementor-element elementor-element-caae1b5 elementor-widget elementor-widget-text-editor\" data-id=\"caae1b5\" data-element_type=\"widget\" data-widget_type=\"text-editor.default\">\n\t\t\t\t<div class=\"elementor-widget-container\">\n\t\t\t\t\t\t\t\t\t<p data-prosemirror-content-type=\"node\" data-prosemirror-node-name=\"paragraph\" data-prosemirror-node-block=\"true\" data-pm-slice=\"1 1 []\"><strong>Faites la promotion de vos produits et services au SIM S\u00c9N\u00c9GAL en r\u00e9servant un stand dans la salle d\u2019exposition.<\/strong><\/p><p data-prosemirror-content-type=\"node\" data-prosemirror-node-name=\"paragraph\" data-prosemirror-node-block=\"true\">Soyez parmi les premiers \u00e0 r\u00e9server afin de choisir le meilleur emplacement pour votre entreprise et accro\u00eetre votre visibilit\u00e9 aupr\u00e8s des visiteurs.<\/p><p data-prosemirror-content-type=\"node\" data-prosemirror-node-name=\"paragraph\" data-prosemirror-node-block=\"true\">En exposant au SIM S\u00e9n\u00e9gal, vous aurez l\u2019opportunit\u00e9 de pr\u00e9senter directement vos activit\u00e9s aux d\u00e9cideurs cl\u00e9s de l\u2019industrie mini\u00e8re ouest-africaine, tout en affirmant votre engagement \u00e0 faire des affaires en Afrique de l\u2019Ouest. Le Pr\u00e9sident de la R\u00e9publique du S\u00e9n\u00e9gal effectue g\u00e9n\u00e9ralement une visite officielle des stands \u2014 une excellente occasion de pr\u00e9senter votre entreprise.<\/p><p data-prosemirror-content-type=\"node\" data-prosemirror-node-name=\"paragraph\" data-prosemirror-node-block=\"true\">Nous avons pr\u00e9par\u00e9 des stands \u00e9quip\u00e9s et con\u00e7us par des experts pour nos participants, avec une priorit\u00e9 d\u2019emplacement r\u00e9serv\u00e9e aux sponsors de l\u2019\u00e9v\u00e9nement.<br data-prosemirror-content-type=\"node\" data-prosemirror-node-name=\"hardBreak\" data-prosemirror-node-inline=\"true\" \/>Les stands sont disponibles \u00e0 partir de 9 m\u00b2 et en multiples.<\/p>\t\t\t\t\t\t\t\t<\/div>\n\t\t\t\t<\/div>\n\t\t\t\t<div class=\"elementor-element elementor-element-1b07822 elementor-align-left elementor-widget elementor-widget-button\" data-id=\"1b07822\" data-element_type=\"widget\" data-widget_type=\"button.default\">\n\t\t\t\t<div class=\"elementor-widget-container\">\n\t\t\t\t\t\t\t\t\t<div class=\"elementor-button-wrapper\">\n\t\t\t\t\t<a class=\"elementor-button elementor-button-link elementor-size-md\" href=\"https:\/\/simsenegal.com\/fr\/contactez-nous\/\">\n\t\t\t\t\t\t<span class=\"elementor-button-content-wrapper\">\n\t\t\t\t\t\t\t\t\t<span class=\"elementor-button-text\">Contactez-nous<\/span>\n\t\t\t\t\t<\/span>\n\t\t\t\t\t<\/a>\n\t\t\t\t<\/div>\n\t\t\t\t\t\t\t\t<\/div>\n\t\t\t\t<\/div>\n\t\t\t\t<\/div>\n\t\t\t\t\t<\/div>\n\t\t\t\t<\/div>\n\t\t<div class=\"elementor-element elementor-element-b43f55f e-flex e-con-boxed e-con e-parent\" data-id=\"b43f55f\" data-element_type=\"container\" data-settings=\"{&quot;background_background&quot;:&quot;gradient&quot;}\">\n\t\t\t\t\t<div class=\"e-con-inner\">\n\t\t<div class=\"elementor-element elementor-element-3318a97 e-con-full e-flex e-con e-child\" data-id=\"3318a97\" data-element_type=\"container\">\n\t\t\t\t<div class=\"elementor-element elementor-element-0f17dd1 elementor-widget__width-initial elementor-widget elementor-widget-heading\" data-id=\"0f17dd1\" data-element_type=\"widget\" data-widget_type=\"heading.default\">\n\t\t\t\t<div class=\"elementor-widget-container\">\n\t\t\t\t\t<h3 class=\"elementor-heading-title elementor-size-default\">Nous proposons des formules de parrainage et d\u2019exposition sur mesure, offrant un moyen rentable de communiquer votre message aupr\u00e8s de vos clients actuels et potentiels.\nSaisissez cette opportunit\u00e9 pour d\u00e9velopper votre activit\u00e9 au S\u00e9n\u00e9gal et en Afrique de l\u2019Ouest !<\/h3>\t\t\t\t<\/div>\n\t\t\t\t<\/div>\n\t\t\t\t<div class=\"elementor-element elementor-element-aba2ac4 elementor-align-center elementor-widget elementor-widget-button\" data-id=\"aba2ac4\" data-element_type=\"widget\" data-widget_type=\"button.default\">\n\t\t\t\t<div class=\"elementor-widget-container\">\n\t\t\t\t\t\t\t\t\t<div class=\"elementor-button-wrapper\">\n\t\t\t\t\t<a class=\"elementor-button elementor-button-link elementor-size-md\" href=\"https:\/\/simsenegal.com\/fr\/contactez-nous\/\">\n\t\t\t\t\t\t<span class=\"elementor-button-content-wrapper\">\n\t\t\t\t\t\t\t\t\t<span class=\"elementor-button-text\">Contactez notre \u00e9quipe<\/span>\n\t\t\t\t\t<\/span>\n\t\t\t\t\t<\/a>\n\t\t\t\t<\/div>\n\t\t\t\t\t\t\t\t<\/div>\n\t\t\t\t<\/div>\n\t\t\t\t<\/div>\n\t\t\t\t\t<\/div>\n\t\t\t\t<\/div>\n\t\t<div class=\"elementor-element elementor-element-5843a86 e-flex e-con-boxed e-con e-parent\" data-id=\"5843a86\" data-element_type=\"container\" data-settings=\"{&quot;background_background&quot;:&quot;classic&quot;}\">\n\t\t\t\t\t<div class=\"e-con-inner\">\n\t\t<div class=\"elementor-element elementor-element-d8cc007 e-con-full e-flex elementor-invisible e-con e-child\" data-id=\"d8cc007\" data-element_type=\"container\" data-settings=\"{&quot;animation&quot;:&quot;fadeInLeft&quot;,&quot;background_background&quot;:&quot;classic&quot;}\">\n\t\t\t\t<div class=\"elementor-element elementor-element-98ac412 elementor-widget elementor-widget-heading\" data-id=\"98ac412\" data-element_type=\"widget\" data-widget_type=\"heading.default\">\n\t\t\t\t<div class=\"elementor-widget-container\">\n\t\t\t\t\t<h2 class=\"elementor-heading-title elementor-size-default\">Participez en tant que d\u00e9l\u00e9gu\u00e9<\/h2>\t\t\t\t<\/div>\n\t\t\t\t<\/div>\n\t\t\t\t<div class=\"elementor-element elementor-element-be4a40d elementor-widget elementor-widget-text-editor\" data-id=\"be4a40d\" data-element_type=\"widget\" data-widget_type=\"text-editor.default\">\n\t\t\t\t<div class=\"elementor-widget-container\">\n\t\t\t\t\t\t\t\t\t<p data-prosemirror-content-type=\"node\" data-prosemirror-node-name=\"paragraph\" data-prosemirror-node-block=\"true\" data-pm-slice=\"1 1 []\"><strong>En participant en tant que d\u00e9l\u00e9gu\u00e9, vous jouerez non seulement un r\u00f4le actif dans le d\u00e9veloppement de l\u2019industrie mini\u00e8re en Afrique de l\u2019Ouest, mais vous aurez \u00e9galement l\u2019occasion de rencontrer et d\u2019\u00e9changer avec des professionnels du secteur pertinents pour votre entreprise.<\/strong><\/p><p data-prosemirror-content-type=\"node\" data-prosemirror-node-name=\"paragraph\" data-prosemirror-node-block=\"true\">Nous savons que le r\u00e9seautage est essentiel lors de ce type d\u2019\u00e9v\u00e9nement, c\u2019est pourquoi nous mettons \u00e0 disposition une plateforme virtuelle et une application permettant aux participants, qu\u2019ils soient en pr\u00e9sentiel ou \u00e0 distance, de consulter les profils des participants et de se connecter via chat \u2014 reproduisant ainsi l\u2019exp\u00e9rience du r\u00e9seautage en face \u00e0 face ou la prise de rendez-vous pendant l\u2019\u00e9v\u00e9nement.<\/p><p data-prosemirror-content-type=\"node\" data-prosemirror-node-name=\"paragraph\" data-prosemirror-node-block=\"true\">Cette plateforme h\u00e9berge les pr\u00e9sentations et discussions en direct, ainsi que des espaces de rencontre virtuelle pour \u00e9changer entre les sessions de conf\u00e9rence.<br data-prosemirror-content-type=\"node\" data-prosemirror-node-name=\"hardBreak\" data-prosemirror-node-inline=\"true\" \/>Les d\u00e9l\u00e9gu\u00e9s ont acc\u00e8s \u00e0 toutes les activit\u00e9s durant l\u2019\u00e9v\u00e9nement, alors n\u2019attendez plus \u2014 r\u00e9servez d\u00e8s maintenant votre pass d\u00e9l\u00e9gu\u00e9 !<\/p><p data-prosemirror-content-type=\"node\" data-prosemirror-node-name=\"paragraph\" data-prosemirror-node-block=\"true\"><b>\u00a0<\/b><\/p>\t\t\t\t\t\t\t\t<\/div>\n\t\t\t\t<\/div>\n\t\t\t\t<div class=\"elementor-element elementor-element-04a71a1 elementor-align-left elementor-widget elementor-widget-button\" data-id=\"04a71a1\" data-element_type=\"widget\" data-widget_type=\"button.default\">\n\t\t\t\t<div class=\"elementor-widget-container\">\n\t\t\t\t\t\t\t\t\t<div class=\"elementor-button-wrapper\">\n\t\t\t\t\t<a class=\"elementor-button elementor-button-link elementor-size-md\" href=\"https:\/\/simsenegal.com\/fr\/inscription\/\">\n\t\t\t\t\t\t<span class=\"elementor-button-content-wrapper\">\n\t\t\t\t\t\t\t\t\t<span class=\"elementor-button-text\">Inscrivez-vous d\u00e8s maintenant<\/span>\n\t\t\t\t\t<\/span>\n\t\t\t\t\t<\/a>\n\t\t\t\t<\/div>\n\t\t\t\t\t\t\t\t<\/div>\n\t\t\t\t<\/div>\n\t\t\t\t<\/div>\n\t\t<div class=\"elementor-element elementor-element-af60846 e-con-full e-flex e-con e-child\" data-id=\"af60846\" data-element_type=\"container\" data-settings=\"{&quot;background_background&quot;:&quot;classic&quot;}\">\n\t\t\t\t<div class=\"elementor-element elementor-element-9b60822 elementor-invisible elementor-widget elementor-widget-image\" data-id=\"9b60822\" data-element_type=\"widget\" data-settings=\"{&quot;_animation&quot;:&quot;fadeInUp&quot;}\" data-widget_type=\"image.default\">\n\t\t\t\t<div class=\"elementor-widget-container\">\n\t\t\t\t\t\t\t\t\t\t\t\t\t\t\t<img decoding=\"async\" width=\"2560\" height=\"1707\" src=\"https:\/\/simsenegal.com\/wp-content\/uploads\/2023\/10\/DSC02200-scaled-1.jpg\" class=\"attachment-full size-full wp-image-8480\" alt=\"\" srcset=\"https:\/\/simsenegal.com\/wp-content\/uploads\/2023\/10\/DSC02200-scaled-1.jpg 2560w, https:\/\/simsenegal.com\/wp-content\/uploads\/2023\/10\/DSC02200-scaled-1-300x200.jpg 300w, https:\/\/simsenegal.com\/wp-content\/uploads\/2023\/10\/DSC02200-scaled-1-1024x683.jpg 1024w, https:\/\/simsenegal.com\/wp-content\/uploads\/2023\/10\/DSC02200-scaled-1-768x512.jpg 768w, https:\/\/simsenegal.com\/wp-content\/uploads\/2023\/10\/DSC02200-scaled-1-1536x1024.jpg 1536w, https:\/\/simsenegal.com\/wp-content\/uploads\/2023\/10\/DSC02200-scaled-1-2048x1366.jpg 2048w\" sizes=\"(max-width: 2560px) 100vw, 2560px\" \/>\t\t\t\t\t\t\t\t\t\t\t\t\t\t\t<\/div>\n\t\t\t\t<\/div>\n\t\t\t\t<\/div>\n\t\t\t\t\t<\/div>\n\t\t\t\t<\/div>\n\t\t<div class=\"elementor-element elementor-element-1df3bb2 e-flex e-con-boxed e-con e-parent\" data-id=\"1df3bb2\" data-element_type=\"container\" data-settings=\"{&quot;background_background&quot;:&quot;classic&quot;}\">\n\t\t\t\t\t<div class=\"e-con-inner\">\n\t\t<div class=\"elementor-element elementor-element-a2a7169 e-con-full e-flex e-con e-child\" data-id=\"a2a7169\" data-element_type=\"container\" data-settings=\"{&quot;background_background&quot;:&quot;classic&quot;}\">\n\t\t\t\t<div class=\"elementor-element elementor-element-2926432 elementor-invisible elementor-widget elementor-widget-image\" data-id=\"2926432\" data-element_type=\"widget\" data-settings=\"{&quot;_animation&quot;:&quot;fadeInUp&quot;}\" data-widget_type=\"image.default\">\n\t\t\t\t<div class=\"elementor-widget-container\">\n\t\t\t\t\t\t\t\t\t\t\t\t\t\t\t<img loading=\"lazy\" decoding=\"async\" width=\"1600\" height=\"1067\" src=\"https:\/\/simsenegal.com\/wp-content\/uploads\/2025\/04\/panels_sim.webp\" class=\"attachment-full size-full wp-image-9646\" alt=\"\" srcset=\"https:\/\/simsenegal.com\/wp-content\/uploads\/2025\/04\/panels_sim.webp 1600w, https:\/\/simsenegal.com\/wp-content\/uploads\/2025\/04\/panels_sim-300x200.webp 300w, https:\/\/simsenegal.com\/wp-content\/uploads\/2025\/04\/panels_sim-1024x683.webp 1024w, https:\/\/simsenegal.com\/wp-content\/uploads\/2025\/04\/panels_sim-768x512.webp 768w, https:\/\/simsenegal.com\/wp-content\/uploads\/2025\/04\/panels_sim-1536x1024.webp 1536w\" sizes=\"(max-width: 1600px) 100vw, 1600px\" \/>\t\t\t\t\t\t\t\t\t\t\t\t\t\t\t<\/div>\n\t\t\t\t<\/div>\n\t\t\t\t<\/div>\n\t\t<div class=\"elementor-element elementor-element-8a91c20 e-con-full e-flex elementor-invisible e-con e-child\" data-id=\"8a91c20\" data-element_type=\"container\" data-settings=\"{&quot;animation&quot;:&quot;fadeInLeft&quot;,&quot;background_background&quot;:&quot;classic&quot;}\">\n\t\t\t\t<div class=\"elementor-element elementor-element-aebcbe1 elementor-widget elementor-widget-heading\" data-id=\"aebcbe1\" data-element_type=\"widget\" data-widget_type=\"heading.default\">\n\t\t\t\t<div class=\"elementor-widget-container\">\n\t\t\t\t\t<h2 class=\"elementor-heading-title elementor-size-default\">Devenez intervenant\n<\/h2>\t\t\t\t<\/div>\n\t\t\t\t<\/div>\n\t\t\t\t<div class=\"elementor-element elementor-element-2964cc1 elementor-widget elementor-widget-text-editor\" data-id=\"2964cc1\" data-element_type=\"widget\" data-widget_type=\"text-editor.default\">\n\t\t\t\t<div class=\"elementor-widget-container\">\n\t\t\t\t\t\t\t\t\t<p data-prosemirror-content-type=\"node\" data-prosemirror-node-name=\"paragraph\" data-prosemirror-node-block=\"true\" data-pm-slice=\"1 1 []\">Le SIM S\u00c9N\u00c9GAL est le principal \u00e9v\u00e9nement minier de l\u2019Afrique du Nord-Ouest et constitue un rendez-vous incontournable dans le calendrier de l\u2019industrie mini\u00e8re du continent.<\/p><p data-prosemirror-content-type=\"node\" data-prosemirror-node-name=\"paragraph\" data-prosemirror-node-block=\"true\">Afin de poursuivre le dialogue entre les investisseurs miniers des secteurs public et priv\u00e9 op\u00e9rant en Afrique de l\u2019Ouest, le Minist\u00e8re s\u00e9n\u00e9galais des Mines et de la G\u00e9ologie, en partenariat avec AME Trade Ltd, organise tous les deux ans la Conf\u00e9rence &amp; Exposition du SIM S\u00e9n\u00e9gal \u00e0 Dakar.<\/p><p data-prosemirror-content-type=\"node\" data-prosemirror-node-name=\"paragraph\" data-prosemirror-node-block=\"true\">Si vous souhaitez intervenir lors de la prochaine \u00e9dition du SIM S\u00e9n\u00e9gal, veuillez nous envoyer votre biographie ainsi que vos domaines d\u2019expertise. Les sessions se d\u00e9roulent \u00e0 la fois virtuellement sur la plateforme de l\u2019\u00e9v\u00e9nement et en pr\u00e9sentiel sur site. Les interventions peuvent \u00eatre faites en fran\u00e7ais ou en anglais et ne doivent pas d\u00e9passer 15 minutes.<\/p><p data-prosemirror-content-type=\"node\" data-prosemirror-node-name=\"paragraph\" data-prosemirror-node-block=\"true\">Si vous pensez que votre expertise apporterait une valeur ajout\u00e9e \u00e0 la conf\u00e9rence, n\u2019h\u00e9sitez pas \u00e0 nous contacter.<\/p>\t\t\t\t\t\t\t\t<\/div>\n\t\t\t\t<\/div>\n\t\t\t\t<div class=\"elementor-element elementor-element-14891d2 elementor-align-left elementor-widget elementor-widget-button\" data-id=\"14891d2\" data-element_type=\"widget\" data-widget_type=\"button.default\">\n\t\t\t\t<div class=\"elementor-widget-container\">\n\t\t\t\t\t\t\t\t\t<div class=\"elementor-button-wrapper\">\n\t\t\t\t\t<a class=\"elementor-button elementor-button-link elementor-size-md\" href=\"https:\/\/simsenegal.com\/fr\/contactez-nous\/\">\n\t\t\t\t\t\t<span class=\"elementor-button-content-wrapper\">\n\t\t\t\t\t\t\t\t\t<span class=\"elementor-button-text\">Contactez-nous<\/span>\n\t\t\t\t\t<\/span>\n\t\t\t\t\t<\/a>\n\t\t\t\t<\/div>\n\t\t\t\t\t\t\t\t<\/div>\n\t\t\t\t<\/div>\n\t\t\t\t<\/div>\n\t\t\t\t\t<\/div>\n\t\t\t\t<\/div>\n\t\t\t\t<\/div>\n\t\t","protected":false},"excerpt":{"rendered":"<p>Participez au SIM S\u00e9n\u00e9gal 2025 ! Le SIM S\u00e9n\u00e9gal 2025 constituera une plateforme strat\u00e9gique pour connecter votre entreprise avec les d\u00e9cideurs cl\u00e9s et les parties prenantes qui fa\u00e7onnent l\u2019avenir du secteur minier au S\u00e9n\u00e9gal et en Afrique de l\u2019Ouest. Rejoignez-nous pour mettre en avant la mani\u00e8re dont votre organisation r\u00e9pond aux d\u00e9fis actuels et stimule [&hellip;]<\/p>\n","protected":false},"author":7,"featured_media":0,"parent":0,"menu_order":0,"comment_status":"closed","ping_status":"closed","template":"","meta":{"footnotes":""},"class_list":["post-9644","page","type-page","status-publish","hentry"],"_links":{"self":[{"href":"https:\/\/simsenegal.com\/fr\/wp-json\/wp\/v2\/pages\/9644","targetHints":{"allow":["GET"]}}],"collection":[{"href":"https:\/\/simsenegal.com\/fr\/wp-json\/wp\/v2\/pages"}],"about":[{"href":"https:\/\/simsenegal.com\/fr\/wp-json\/wp\/v2\/types\/page"}],"author":[{"embeddable":true,"href":"https:\/\/simsenegal.com\/fr\/wp-json\/wp\/v2\/users\/7"}],"replies":[{"embeddable":true,"href":"https:\/\/simsenegal.com\/fr\/wp-json\/wp\/v2\/comments?post=9644"}],"version-history":[{"count":14,"href":"https:\/\/simsenegal.com\/fr\/wp-json\/wp\/v2\/pages\/9644\/revisions"}],"predecessor-version":[{"id":10017,"href":"https:\/\/simsenegal.com\/fr\/wp-json\/wp\/v2\/pages\/9644\/revisions\/10017"}],"wp:attachment":[{"href":"https:\/\/simsenegal.com\/fr\/wp-json\/wp\/v2\/media?parent=9644"}],"curies":[{"name":"wp","href":"https:\/\/api.w.org\/{rel}","templated":true}]}}